{"id":27,"date":"2012-03-01T12:43:37","date_gmt":"2012-03-01T12:43:37","guid":{"rendered":"http:\/\/www.engelsizbilisim.org\/sempozyum2012\/?page_id=27"},"modified":"2025-09-14T22:33:41","modified_gmt":"2025-09-14T19:33:41","slug":"kayit","status":"publish","type":"page","link":"https:\/\/engelsizbilisim.org\/biltevt\/kayit\/","title":{"rendered":"Kay\u0131t Formu"},"content":{"rendered":"<p><strong>KONGRE YER\u0130:<\/strong> Kongremiz Manisa Anemon Otel\u2019de ger\u00e7ekle\u015ftirilecektir. Adres: Manisa Anemon Otel \u2013 Mimar Sinan Bulvar\u0131 Kuvai Milliye An\u0131t Mevkii \/ Manisa<\/p>\n<p><strong>KONGRE \u00dcCRET\u0130 ve \u0130MKANLAR:<\/strong> Kongremize kat\u0131l\u0131m, t\u00fcm oturumlardan ve e\u011fitimlerden yararlanma \u00fccretsizdir. Kat\u0131l\u0131mc\u0131lar ayr\u0131ca oturumlar aras\u0131 \u00e7ay ve kahve ikramlar\u0131ndan ve 16 Ekim 2024 tarihinde \u00f6\u011flen da\u011f\u0131t\u0131lacak kumanyadan \u00fccretsiz yararlanabilecektir. Kat\u0131l\u0131mc\u0131lar\u0131n ula\u015f\u0131m ve konaklama giderleri kendilerine aittir. Kongreye kat\u0131lan t\u00fcm kat\u0131l\u0131mc\u0131lara \u201cKat\u0131l\u0131m Belgesi\u201d kongreyi takip eden hafta dijital olarak kay\u0131t yapt\u0131klar\u0131 eposta ile g\u00f6nderilecektir. Kat\u0131l\u0131mc\u0131lar\u0131n ula\u015f\u0131m ve konaklama giderleri kendilerine ait olacakt\u0131r.<\/p>\n<p><iframe loading=\"lazy\" src=\"https:\/\/docs.google.com\/forms\/d\/e\/1FAIpQLSfSYGHmrOCdI5YrWsW1yl8eZd0C_IVR4bdmpKfPGtKixMvrZw\/viewform?embedded=true\" width=\"700\" height=\"2520\" frameborder=\"0\" marginwidth=\"0\" marginheight=\"0\">Y\u00fckleniyor\u2026<\/iframe><\/p>\n","protected":false},"excerpt":{"rendered":"<p>KONGRE YER\u0130: Kongremiz Manisa Anemon Otel\u2019de ger\u00e7ekle\u015ftirilecektir. Adres: Manisa Anemon Otel \u2013 Mimar Sinan Bulvar\u0131 Kuvai Milliye An\u0131t Mevkii \/ Manisa KONGRE \u00dcCRET\u0130 ve \u0130MKANLAR: Kongremize kat\u0131l\u0131m, t\u00fcm oturumlardan ve e\u011fitimlerden yararlanma \u00fccretsizdir. Kat\u0131l\u0131mc\u0131lar ayr\u0131ca oturumlar aras\u0131 \u00e7ay ve kahve ikramlar\u0131ndan ve 16 Ekim 2024 tarihinde \u00f6\u011flen da\u011f\u0131t\u0131lacak kumanyadan \u00fccretsiz yararlanabilecektir. Kat\u0131l\u0131mc\u0131lar\u0131n ula\u015f\u0131m ve konaklama &hellip; <\/p>\n<p><a class=\"more-link btn\" href=\"https:\/\/engelsizbilisim.org\/biltevt\/kayit\/\">Devam\u0131n\u0131 oku<\/a><\/p>\n","protected":false},"author":1,"featured_media":0,"parent":0,"menu_order":0,"comment_status":"closed","ping_status":"closed","template":"","meta":{"spay_email":"","footnotes":""},"yoast_head":"<!-- This site is optimized with the Yoast SEO plugin v15.9 - https:\/\/yoast.com\/wordpress\/plugins\/seo\/ -->\n<title>Kay\u0131t Formu - Bili\u015fim Teknolojilerinde Evrensel Tasar\u0131m<\/title>\n<meta name=\"robots\" content=\"index, follow, max-snippet:-1, max-image-preview:large, max-video-preview:-1\" \/>\n<link rel=\"canonical\" href=\"https:\/\/engelsizbilisim.org\/biltevt\/kayit\/\" \/>\n<meta property=\"og:locale\" content=\"tr_TR\" \/>\n<meta property=\"og:type\" content=\"article\" \/>\n<meta property=\"og:title\" content=\"Kay\u0131t Formu - Bili\u015fim Teknolojilerinde Evrensel Tasar\u0131m\" \/>\n<meta property=\"og:description\" content=\"KONGRE YER\u0130: Kongremiz Manisa Anemon Otel\u2019de ger\u00e7ekle\u015ftirilecektir. Adres: Manisa Anemon Otel \u2013 Mimar Sinan Bulvar\u0131 Kuvai Milliye An\u0131t Mevkii \/ Manisa KONGRE \u00dcCRET\u0130 ve \u0130MKANLAR: Kongremize kat\u0131l\u0131m, t\u00fcm oturumlardan ve e\u011fitimlerden yararlanma \u00fccretsizdir. Kat\u0131l\u0131mc\u0131lar ayr\u0131ca oturumlar aras\u0131 \u00e7ay ve kahve ikramlar\u0131ndan ve 16 Ekim 2024 tarihinde \u00f6\u011flen da\u011f\u0131t\u0131lacak kumanyadan \u00fccretsiz yararlanabilecektir. Kat\u0131l\u0131mc\u0131lar\u0131n ula\u015f\u0131m ve konaklama &hellip; Devam\u0131n\u0131 oku\" \/>\n<meta property=\"og:url\" content=\"https:\/\/engelsizbilisim.org\/biltevt\/kayit\/\" \/>\n<meta property=\"og:site_name\" content=\"Bili\u015fim Teknolojilerinde Evrensel Tasar\u0131m\" \/>\n<meta property=\"article:publisher\" content=\"https:\/\/www.facebook.com\/engelsizbilisim\" \/>\n<meta property=\"article:modified_time\" content=\"2025-09-14T19:33:41+00:00\" \/>\n<meta name=\"twitter:card\" content=\"summary\" \/>\n<meta name=\"twitter:site\" content=\"@engelsizbilisim\" \/>\n<meta name=\"twitter:label1\" content=\"Tahmini okuma s\u00fcresi\">\n\t<meta name=\"twitter:data1\" content=\"1 dakika\">\n<script type=\"application\/ld+json\" class=\"yoast-schema-graph\">{\"@context\":\"https:\/\/schema.org\",\"@graph\":[{\"@type\":\"WebSite\",\"@id\":\"https:\/\/engelsizbilisim.org\/biltevt\/#website\",\"url\":\"https:\/\/engelsizbilisim.org\/biltevt\/\",\"name\":\"Bili\\u015fim Teknolojilerinde Evrensel Tasar\\u0131m\",\"description\":\"Engelsiz bir d\\u00fcnya \\u0130\\u00e7in, Bili\\u015fimle engelleri kald\\u0131r\\u0131yoruz...\",\"potentialAction\":[{\"@type\":\"SearchAction\",\"target\":\"https:\/\/engelsizbilisim.org\/biltevt\/?s={search_term_string}\",\"query-input\":\"required name=search_term_string\"}],\"inLanguage\":\"tr\"},{\"@type\":\"WebPage\",\"@id\":\"https:\/\/engelsizbilisim.org\/biltevt\/kayit\/#webpage\",\"url\":\"https:\/\/engelsizbilisim.org\/biltevt\/kayit\/\",\"name\":\"Kay\\u0131t Formu - Bili\\u015fim Teknolojilerinde Evrensel Tasar\\u0131m\",\"isPartOf\":{\"@id\":\"https:\/\/engelsizbilisim.org\/biltevt\/#website\"},\"datePublished\":\"2012-03-01T12:43:37+00:00\",\"dateModified\":\"2025-09-14T19:33:41+00:00\",\"breadcrumb\":{\"@id\":\"https:\/\/engelsizbilisim.org\/biltevt\/kayit\/#breadcrumb\"},\"inLanguage\":\"tr\",\"potentialAction\":[{\"@type\":\"ReadAction\",\"target\":[\"https:\/\/engelsizbilisim.org\/biltevt\/kayit\/\"]}]},{\"@type\":\"BreadcrumbList\",\"@id\":\"https:\/\/engelsizbilisim.org\/biltevt\/kayit\/#breadcrumb\",\"itemListElement\":[{\"@type\":\"ListItem\",\"position\":1,\"item\":{\"@type\":\"WebPage\",\"@id\":\"https:\/\/engelsizbilisim.org\/biltevt\/\",\"url\":\"https:\/\/engelsizbilisim.org\/biltevt\/\",\"name\":\"Ana Sayfa\"}},{\"@type\":\"ListItem\",\"position\":2,\"item\":{\"@type\":\"WebPage\",\"@id\":\"https:\/\/engelsizbilisim.org\/biltevt\/kayit\/\",\"url\":\"https:\/\/engelsizbilisim.org\/biltevt\/kayit\/\",\"name\":\"Kay\\u0131t Formu\"}}]}]}<\/script>\n<!-- \/ Yoast SEO plugin. -->","_links":{"self":[{"href":"https:\/\/engelsizbilisim.org\/biltevt\/wp-json\/wp\/v2\/pages\/27"}],"collection":[{"href":"https:\/\/engelsizbilisim.org\/biltevt\/wp-json\/wp\/v2\/pages"}],"about":[{"href":"https:\/\/engelsizbilisim.org\/biltevt\/wp-json\/wp\/v2\/types\/page"}],"author":[{"embeddable":true,"href":"https:\/\/engelsizbilisim.org\/biltevt\/wp-json\/wp\/v2\/users\/1"}],"replies":[{"embeddable":true,"href":"https:\/\/engelsizbilisim.org\/biltevt\/wp-json\/wp\/v2\/comments?post=27"}],"version-history":[{"count":39,"href":"https:\/\/engelsizbilisim.org\/biltevt\/wp-json\/wp\/v2\/pages\/27\/revisions"}],"predecessor-version":[{"id":4498,"href":"https:\/\/engelsizbilisim.org\/biltevt\/wp-json\/wp\/v2\/pages\/27\/revisions\/4498"}],"wp:attachment":[{"href":"https:\/\/engelsizbilisim.org\/biltevt\/wp-json\/wp\/v2\/media?parent=27"}],"curies":[{"name":"wp","href":"https:\/\/api.w.org\/{rel}","templated":true}]}}